{"id":302,"date":"2025-07-17T11:45:38","date_gmt":"2025-07-17T09:45:38","guid":{"rendered":"http:\/\/localhost:3301\/?page_id=302"},"modified":"2025-11-11T18:24:39","modified_gmt":"2025-11-11T17:24:39","slug":"datenschutz","status":"publish","type":"page","link":"https:\/\/marcuslamer.com\/en\/datenschutz","title":{"rendered":"Datenschutz"},"content":{"rendered":"<style>.elementor-302 .elementor-element.elementor-element-13399274{--display:flex;--min-height:300px;--flex-direction:column;--container-widget-width:calc( ( 1 - var( --container-widget-flex-grow ) ) * 100% );--container-widget-height:initial;--container-widget-flex-grow:0;--container-widget-align-self:initial;--flex-wrap-mobile:wrap;--align-items:center;--overflow:hidden;--overlay-opacity:0.65;--margin-top:0px;--margin-bottom:0px;--margin-left:0px;--margin-right:0px;--padding-top:0px;--padding-bottom:0px;--padding-left:0px;--padding-right:0px;}.elementor-302 .elementor-element.elementor-element-13399274:not(.elementor-motion-effects-element-type-background), .elementor-302 .elementor-element.elementor-element-13399274 > .elementor-motion-effects-container > .elementor-motion-effects-layer{background-color:transparent;background-image:linear-gradient(180deg, #5D3C72 0%, #13021E 100%);}.elementor-302 .elementor-element.elementor-element-13399274::before, .elementor-302 .elementor-element.elementor-element-13399274 > .elementor-background-video-container::before, .elementor-302 .elementor-element.elementor-element-13399274 > .e-con-inner > .elementor-background-video-container::before, .elementor-302 .elementor-element.elementor-element-13399274 > .elementor-background-slideshow::before, .elementor-302 .elementor-element.elementor-element-13399274 > .e-con-inner > .elementor-background-slideshow::before, .elementor-302 .elementor-element.elementor-element-13399274 > .elementor-motion-effects-container > .elementor-motion-effects-layer::before{--background-overlay:'';background-color:#13021F;}.elementor-302 .elementor-element.elementor-element-7c1aa74{--display:flex;--flex-direction:column;--container-widget-width:calc( ( 1 - var( --container-widget-flex-grow ) ) * 100% );--container-widget-height:initial;--container-widget-flex-grow:0;--container-widget-align-self:initial;--flex-wrap-mobile:wrap;--align-items:center;--gap:10px 10px;--row-gap:10px;--column-gap:10px;--margin-top:180px;--margin-bottom:0px;--margin-left:0px;--margin-right:0px;--padding-top:10px;--padding-bottom:10px;--padding-left:10px;--padding-right:10px;}.elementor-302 .elementor-element.elementor-element-891474d .heading .heading-title{font-family:\"Bricolage Grotesque\", Sans-serif;font-size:4.7em;font-weight:500;text-transform:none;line-height:1.1em;color:var( --e-global-color-eede28f );}.elementor-302 .elementor-element.elementor-element-891474d{margin:00px 50px calc(var(--kit-widget-spacing, 0px) + 10px) 50px;width:initial;max-width:initial;}.elementor-302 .elementor-element.elementor-element-d6ce20{--display:flex;--flex-direction:column;--container-widget-width:100%;--container-widget-height:initial;--container-widget-flex-grow:0;--container-widget-align-self:initial;--flex-wrap-mobile:wrap;--overlay-opacity:0;--margin-top:0px;--margin-bottom:0px;--margin-left:0px;--margin-right:0px;--padding-top:80px;--padding-bottom:20px;--padding-left:0px;--padding-right:0px;}.elementor-302 .elementor-element.elementor-element-d6ce20:not(.elementor-motion-effects-element-type-background), .elementor-302 .elementor-element.elementor-element-d6ce20 > .elementor-motion-effects-container > .elementor-motion-effects-layer{background-color:#13021E;}.elementor-302 .elementor-element.elementor-element-d6ce20::before, .elementor-302 .elementor-element.elementor-element-d6ce20 > .elementor-background-video-container::before, .elementor-302 .elementor-element.elementor-element-d6ce20 > .e-con-inner > .elementor-background-video-container::before, .elementor-302 .elementor-element.elementor-element-d6ce20 > .elementor-background-slideshow::before, .elementor-302 .elementor-element.elementor-element-d6ce20 > .e-con-inner > .elementor-background-slideshow::before, .elementor-302 .elementor-element.elementor-element-d6ce20 > .elementor-motion-effects-container > .elementor-motion-effects-layer::before{--background-overlay:'';}.elementor-302 .elementor-element.elementor-element-6c7d78ae .elementor-heading-title{font-size:2em;}.elementor-302 .elementor-element.elementor-element-77c73a1f{margin:0em 0em calc(var(--kit-widget-spacing, 0px) + 1em) 0em;}.elementor-302 .elementor-element.elementor-element-20ea7103{--display:flex;--flex-direction:column;--container-widget-width:100%;--container-widget-height:initial;--container-widget-flex-grow:0;--container-widget-align-self:initial;--flex-wrap-mobile:wrap;--padding-top:0px;--padding-bottom:20px;--padding-left:0px;--padding-right:0px;}.elementor-302 .elementor-element.elementor-element-20ea7103:not(.elementor-motion-effects-element-type-background), .elementor-302 .elementor-element.elementor-element-20ea7103 > .elementor-motion-effects-container > .elementor-motion-effects-layer{background-color:#13021E;}.elementor-302 .elementor-element.elementor-element-60645811 .elementor-heading-title{font-size:2em;}.elementor-302 .elementor-element.elementor-element-3dc2884{margin:0em 0em calc(var(--kit-widget-spacing, 0px) + 1em) 0em;}.elementor-302 .elementor-element.elementor-element-8d54812{--display:flex;--flex-direction:column;--container-widget-width:100%;--container-widget-height:initial;--container-widget-flex-grow:0;--container-widget-align-self:initial;--flex-wrap-mobile:wrap;--padding-top:0px;--padding-bottom:80px;--padding-left:0px;--padding-right:0px;}.elementor-302 .elementor-element.elementor-element-8d54812:not(.elementor-motion-effects-element-type-background), .elementor-302 .elementor-element.elementor-element-8d54812 > .elementor-motion-effects-container > .elementor-motion-effects-layer{background-color:#13021E;}.elementor-302 .elementor-element.elementor-element-3572b247 .elementor-heading-title{font-size:2em;}.elementor-302 .elementor-element.elementor-element-16522275{margin:0em 0em calc(var(--kit-widget-spacing, 0px) + 1em) 0em;}@media(max-width:1024px){.elementor-302 .elementor-element.elementor-element-891474d .heading .heading-title{font-size:3.5em;}.elementor-302 .elementor-element.elementor-element-891474d{--container-widget-width:100%;--container-widget-flex-grow:0;width:var( --container-widget-width, 100% );max-width:100%;}}@media(min-width:768px){.elementor-302 .elementor-element.elementor-element-13399274{--width:100%;}}@media(max-width:767px){.elementor-302 .elementor-element.elementor-element-7c1aa74{--margin-top:0140px;--margin-bottom:70px;--margin-left:0px;--margin-right:0px;}.elementor-302 .elementor-element.elementor-element-891474d .heading .heading-title{font-size:2em;}.elementor-302 .elementor-element.elementor-element-891474d{margin:0px 0px calc(var(--kit-widget-spacing, 0px) + 0px) 0px;}}<\/style>\t\t<div data-elementor-type=\"wp-page\" data-elementor-id=\"302\" class=\"elementor elementor-302\" data-elementor-post-type=\"page\">\n\t\t\t\t<div class=\"elementor-element elementor-element-13399274 e-con-full e-flex e-con e-parent\" data-id=\"13399274\" data-element_type=\"container\" data-e-type=\"container\" data-settings=\"{&quot;background_background&quot;:&quot;gradient&quot;}\">\n\t\t<div class=\"elementor-element elementor-element-7c1aa74 e-con-full e-flex e-con e-child\" data-id=\"7c1aa74\" data-element_type=\"container\" data-e-type=\"container\">\n\t\t\t\t<div class=\"elementor-element elementor-element-891474d elementor-widget__width-initial text-center elementor-widget elementor-widget-tp-heading-title\" data-id=\"891474d\" data-element_type=\"widget\" data-e-type=\"widget\" data-widget_type=\"tp-heading-title.default\">\n\t\t\t\t\t<div class=\"heading heading_style heading_style69faf7f53263a style-1\" ><div class=\"sub-style\" ><div class=\"head-title\" > <h1  class=\"heading-title\"  data-hover=\"Datenschutz\"><span class=\"title-s\">  <\/span>Datenschutz<\/h1><\/div><\/div><\/div>\t\t\t\t<\/div>\n\t\t\t\t<\/div>\n\t\t\t\t<\/div>\n\t\t<div class=\"elementor-element elementor-element-d6ce20 e-flex e-con-boxed e-con e-parent\" data-id=\"d6ce20\" data-element_type=\"container\" data-e-type=\"container\" data-settings=\"{&quot;background_background&quot;:&quot;classic&quot;}\">\n\t\t\t\t\t<div class=\"e-con-inner\">\n\t\t\t\t<div class=\"elementor-element elementor-element-6c7d78ae elementor-widget elementor-widget-heading\" data-id=\"6c7d78ae\" data-element_type=\"widget\" data-e-type=\"widget\" data-widget_type=\"heading.default\">\n\t\t\t\t\t<h2 class=\"elementor-heading-title elementor-size-default\">1. Datenschutz auf einen Blick<\/h2>\t\t\t\t<\/div>\n\t\t\t\t<div class=\"elementor-element elementor-element-77c73a1f elementor-widget elementor-widget-text-editor\" data-id=\"77c73a1f\" data-element_type=\"widget\" data-e-type=\"widget\" data-widget_type=\"text-editor.default\">\n\t\t\t\t\t\t\t\t\t<h3>Allgemeine Hinweise<\/h3><p>Die folgenden Hinweise geben einen einfachen \u00dcberblick dar\u00fcber, was mit Ihren personenbezogenen Daten passiert, wenn Sie diese Website besuchen. Personenbezogene Daten sind alle Daten, mit denen Sie pers\u00f6nlich identifiziert werden k\u00f6nnen. Ausf\u00fchrliche Informationen zum Thema Datenschutz entnehmen Sie unserer unter diesem Text aufgef\u00fchrten Datenschutzerkl\u00e4rung.<\/p><h3>Datenerfassung auf dieser Website<\/h3><h4><strong>Wer ist verantwortlich f\u00fcr die Datenerfassung auf dieser Website?<\/strong><\/h4><p>Die Datenverarbeitung auf dieser Website erfolgt durch den Websitebetreiber. Dessen Kontaktdaten k\u00f6nnen Sie dem Abschnitt \u201eHinweis zur Verantwortlichen Stelle\u201c in dieser Datenschutzerkl\u00e4rung entnehmen.<\/p><h4><strong>Wie erfassen wir Ihre Daten?<\/strong><\/h4><p>Ihre Daten werden zum einen dadurch erhoben, dass Sie uns diese mitteilen. Hierbei kann es sich z. B. um Daten handeln, die Sie in ein Kontaktformular eingeben.<\/p><p>Andere Daten werden automatisch oder nach Ihrer Einwilligung beim Besuch der Website durch unsere IT- Systeme erfasst. Das sind vor allem technische Daten (z. B. Internetbrowser, Betriebssystem oder Uhrzeit des Seitenaufrufs). Die Erfassung dieser Daten erfolgt automatisch, sobald Sie diese Website betreten.<\/p><h4><strong>Wof\u00fcr nutzen wir Ihre Daten?<\/strong><\/h4><p>Ein Teil der Daten wird erhoben, um eine fehlerfreie Bereitstellung der Website zu gew\u00e4hrleisten. Andere Daten k\u00f6nnen zur Analyse Ihres Nutzerverhaltens verwendet werden.<\/p><h4><strong>Welche Rechte haben Sie bez\u00fcglich Ihrer Daten?<\/strong><\/h4><p>Sie haben jederzeit das Recht, unentgeltlich Auskunft \u00fcber Herkunft, Empf\u00e4nger und Zweck Ihrer gespeicherten personenbezogenen Daten zu erhalten. Sie haben au\u00dferdem ein Recht, die Berichtigung oder L\u00f6schung dieser Daten zu verlangen. Wenn Sie eine Einwilligung zur Datenverarbeitung erteilt haben, k\u00f6nnen Sie diese Einwilligung jederzeit f\u00fcr die Zukunft widerrufen. Au\u00dferdem haben Sie das Recht, unter bestimmten Umst\u00e4nden die Einschr\u00e4nkung der Verarbeitung Ihrer personenbezogenen Daten zu verlangen.<\/p><p>Des Weiteren steht Ihnen ein Beschwerderecht bei der zust\u00e4ndigen Aufsichtsbeh\u00f6rde zu. Hierzu sowie zu weiteren Fragen zum Thema Datenschutz k\u00f6nnen Sie sich jederzeit an uns wenden.<\/p>\t\t\t\t\t\t\t\t<\/div>\n\t\t\t\t\t<\/div>\n\t\t\t\t<\/div>\n\t\t<div class=\"elementor-element elementor-element-20ea7103 e-flex e-con-boxed e-con e-parent\" data-id=\"20ea7103\" data-element_type=\"container\" data-e-type=\"container\" data-settings=\"{&quot;background_background&quot;:&quot;classic&quot;}\">\n\t\t\t\t\t<div class=\"e-con-inner\">\n\t\t\t\t<div class=\"elementor-element elementor-element-60645811 elementor-widget elementor-widget-heading\" data-id=\"60645811\" data-element_type=\"widget\" data-e-type=\"widget\" data-widget_type=\"heading.default\">\n\t\t\t\t\t<h2 class=\"elementor-heading-title elementor-size-default\">2. Verbraucherstreitbeilegung \/ Universalschlichtungsstelle<\/h2>\t\t\t\t<\/div>\n\t\t\t\t<div class=\"elementor-element elementor-element-3dc2884 elementor-widget elementor-widget-text-editor\" data-id=\"3dc2884\" data-element_type=\"widget\" data-e-type=\"widget\" data-widget_type=\"text-editor.default\">\n\t\t\t\t\t\t\t\t\t<p>Wir sind nicht bereit oder verpflichtet, an Streitbeilegungsverfahren vor einer Verbraucherschlichtungsstelle teilzunehmen.<\/p>\t\t\t\t\t\t\t\t<\/div>\n\t\t\t\t\t<\/div>\n\t\t\t\t<\/div>\n\t\t<div class=\"elementor-element elementor-element-8d54812 e-flex e-con-boxed e-con e-parent\" data-id=\"8d54812\" data-element_type=\"container\" data-e-type=\"container\" data-settings=\"{&quot;background_background&quot;:&quot;classic&quot;}\">\n\t\t\t\t\t<div class=\"e-con-inner\">\n\t\t\t\t<div class=\"elementor-element elementor-element-3572b247 elementor-widget elementor-widget-heading\" data-id=\"3572b247\" data-element_type=\"widget\" data-e-type=\"widget\" data-widget_type=\"heading.default\">\n\t\t\t\t\t<h2 class=\"elementor-heading-title elementor-size-default\">3. Haftung f\u00fcr Inhalte<\/h2>\t\t\t\t<\/div>\n\t\t\t\t<div class=\"elementor-element elementor-element-16522275 elementor-widget elementor-widget-text-editor\" data-id=\"16522275\" data-element_type=\"widget\" data-e-type=\"widget\" data-widget_type=\"text-editor.default\">\n\t\t\t\t\t\t\t\t\t<p>Als Diensteanbieter sind wir gem\u00e4\u00df \u00a7 7 Abs.1 TMG f\u00fcr eigene Inhalte auf diesen Seiten nach den allgemeinen Gesetzen verantwortlich. Nach \u00a7\u00a7 8 bis 10 TMG sind wir als Diensteanbieter jedoch nicht verpflichtet, \u00fcbermittelte oder gespeicherte fremde Informationen zu \u00fcberwachen oder nach Umst\u00e4nden zu forschen, die auf eine rechtswidrige T\u00e4tigkeit hinweisen.<\/p><p>Verpflichtungen zur Entfernung oder Sperrung der Nutzung von Informationen nach den allgemeinen Gesetzen bleiben hiervon unber\u00fchrt. Eine diesbez\u00fcgliche Haftung ist jedoch erst ab dem Zeitpunkt der Kenntnis einer konkreten Rechtsverletzung m\u00f6glich. Bei Bekanntwerden von entsprechenden Rechtsverletzungen werden wir diese Inhalte umgehend entfernen.<span style=\"color: #ffffff; font-family: 'Bricolage Grotesque', sans-serif; font-size: 25.6px; text-transform: capitalize;\">\u00a0<\/span><\/p>\t\t\t\t\t\t\t\t<\/div>\n\t\t\t\t\t<\/div>\n\t\t\t\t<\/div>\n\t\t\t\t<\/div>","protected":false},"excerpt":{"rendered":"<p>Datenschutz 1. Datenschutz auf einen Blick Allgemeine Hinweise Die folgenden Hinweise geben einen einfachen \u00dcberblick dar\u00fcber, was mit Ihren personenbezogenen Daten passiert, wenn Sie diese Website besuchen. Personenbezogene Daten sind alle Daten, mit denen Sie pers\u00f6nlich identifiziert werden k\u00f6nnen. Ausf\u00fchrliche Informationen zum Thema Datenschutz entnehmen Sie unserer unter diesem Text aufgef\u00fchrten Datenschutzerkl\u00e4rung. Datenerfassung auf dieser [&hellip;]<\/p>","protected":false},"author":1,"featured_media":0,"parent":0,"menu_order":0,"comment_status":"closed","ping_status":"closed","template":"elementor_header_footer","meta":{"footnotes":""},"class_list":["post-302","page","type-page","status-publish","hentry"],"yoast_head":"<!-- This site is optimized with the Yoast SEO plugin v26.3 - https:\/\/yoast.com\/wordpress\/plugins\/seo\/ -->\n<title>Datenschutz - Marcus Lamer<\/title>\n<meta name=\"robots\" content=\"index, follow, max-snippet:-1, max-image-preview:large, max-video-preview:-1\" \/>\n<link rel=\"canonical\" href=\"https:\/\/marcuslamer.com\/en\/datenschutz\/\" \/>\n<meta property=\"og:locale\" content=\"en_GB\" \/>\n<meta property=\"og:type\" content=\"article\" \/>\n<meta property=\"og:title\" content=\"Datenschutz - Marcus Lamer\" \/>\n<meta property=\"og:description\" content=\"Datenschutz 1. Datenschutz auf einen Blick Allgemeine Hinweise Die folgenden Hinweise geben einen einfachen \u00dcberblick dar\u00fcber, was mit Ihren personenbezogenen Daten passiert, wenn Sie diese Website besuchen. Personenbezogene Daten sind alle Daten, mit denen Sie pers\u00f6nlich identifiziert werden k\u00f6nnen. Ausf\u00fchrliche Informationen zum Thema Datenschutz entnehmen Sie unserer unter diesem Text aufgef\u00fchrten Datenschutzerkl\u00e4rung. Datenerfassung auf dieser [&hellip;]\" \/>\n<meta property=\"og:url\" content=\"https:\/\/marcuslamer.com\/en\/datenschutz\/\" \/>\n<meta property=\"og:site_name\" content=\"Marcus Lamer\" \/>\n<meta property=\"article:modified_time\" content=\"2025-11-11T17:24:39+00:00\" \/>\n<meta name=\"twitter:card\" content=\"summary_large_image\" \/>\n<meta name=\"twitter:label1\" content=\"Estimated reading time\" \/>\n\t<meta name=\"twitter:data1\" content=\"3 minutes\" \/>\n<script type=\"application\/ld+json\" class=\"yoast-schema-graph\">{\"@context\":\"https:\/\/schema.org\",\"@graph\":[{\"@type\":\"WebPage\",\"@id\":\"https:\/\/marcuslamer.com\/datenschutz\",\"url\":\"https:\/\/marcuslamer.com\/datenschutz\",\"name\":\"Datenschutz - Marcus Lamer\",\"isPartOf\":{\"@id\":\"https:\/\/marcuslamer.com\/#website\"},\"datePublished\":\"2025-07-17T09:45:38+00:00\",\"dateModified\":\"2025-11-11T17:24:39+00:00\",\"breadcrumb\":{\"@id\":\"https:\/\/marcuslamer.com\/datenschutz#breadcrumb\"},\"inLanguage\":\"en-GB\",\"potentialAction\":[{\"@type\":\"ReadAction\",\"target\":[\"https:\/\/marcuslamer.com\/datenschutz\"]}]},{\"@type\":\"BreadcrumbList\",\"@id\":\"https:\/\/marcuslamer.com\/datenschutz#breadcrumb\",\"itemListElement\":[{\"@type\":\"ListItem\",\"position\":1,\"name\":\"Startseite\",\"item\":\"https:\/\/marcuslamer.com\/\"},{\"@type\":\"ListItem\",\"position\":2,\"name\":\"Datenschutz\"}]},{\"@type\":\"WebSite\",\"@id\":\"https:\/\/marcuslamer.com\/#website\",\"url\":\"https:\/\/marcuslamer.com\/\",\"name\":\"Marcus Lamer | Web-Entwicklung & KI\",\"description\":\"\",\"potentialAction\":[{\"@type\":\"SearchAction\",\"target\":{\"@type\":\"EntryPoint\",\"urlTemplate\":\"https:\/\/marcuslamer.com\/?s={search_term_string}\"},\"query-input\":{\"@type\":\"PropertyValueSpecification\",\"valueRequired\":true,\"valueName\":\"search_term_string\"}}],\"inLanguage\":\"en-GB\"}]}<\/script>\n<!-- \/ Yoast SEO plugin. -->","yoast_head_json":{"title":"Datenschutz - Marcus Lamer","robots":{"index":"index","follow":"follow","max-snippet":"max-snippet:-1","max-image-preview":"max-image-preview:large","max-video-preview":"max-video-preview:-1"},"canonical":"https:\/\/marcuslamer.com\/en\/datenschutz\/","og_locale":"en_GB","og_type":"article","og_title":"Datenschutz - Marcus Lamer","og_description":"Datenschutz 1. Datenschutz auf einen Blick Allgemeine Hinweise Die folgenden Hinweise geben einen einfachen \u00dcberblick dar\u00fcber, was mit Ihren personenbezogenen Daten passiert, wenn Sie diese Website besuchen. Personenbezogene Daten sind alle Daten, mit denen Sie pers\u00f6nlich identifiziert werden k\u00f6nnen. Ausf\u00fchrliche Informationen zum Thema Datenschutz entnehmen Sie unserer unter diesem Text aufgef\u00fchrten Datenschutzerkl\u00e4rung. Datenerfassung auf dieser [&hellip;]","og_url":"https:\/\/marcuslamer.com\/en\/datenschutz\/","og_site_name":"Marcus Lamer","article_modified_time":"2025-11-11T17:24:39+00:00","twitter_card":"summary_large_image","twitter_misc":{"Estimated reading time":"3 minutes"},"schema":{"@context":"https:\/\/schema.org","@graph":[{"@type":"WebPage","@id":"https:\/\/marcuslamer.com\/datenschutz","url":"https:\/\/marcuslamer.com\/datenschutz","name":"Datenschutz - Marcus Lamer","isPartOf":{"@id":"https:\/\/marcuslamer.com\/#website"},"datePublished":"2025-07-17T09:45:38+00:00","dateModified":"2025-11-11T17:24:39+00:00","breadcrumb":{"@id":"https:\/\/marcuslamer.com\/datenschutz#breadcrumb"},"inLanguage":"en-GB","potentialAction":[{"@type":"ReadAction","target":["https:\/\/marcuslamer.com\/datenschutz"]}]},{"@type":"BreadcrumbList","@id":"https:\/\/marcuslamer.com\/datenschutz#breadcrumb","itemListElement":[{"@type":"ListItem","position":1,"name":"Startseite","item":"https:\/\/marcuslamer.com\/"},{"@type":"ListItem","position":2,"name":"Datenschutz"}]},{"@type":"WebSite","@id":"https:\/\/marcuslamer.com\/#website","url":"https:\/\/marcuslamer.com\/","name":"Marcus Lamer | Web-Entwicklung & KI","description":"","potentialAction":[{"@type":"SearchAction","target":{"@type":"EntryPoint","urlTemplate":"https:\/\/marcuslamer.com\/?s={search_term_string}"},"query-input":{"@type":"PropertyValueSpecification","valueRequired":true,"valueName":"search_term_string"}}],"inLanguage":"en-GB"}]}},"_links":{"self":[{"href":"https:\/\/marcuslamer.com\/en\/wp-json\/wp\/v2\/pages\/302","targetHints":{"allow":["GET"]}}],"collection":[{"href":"https:\/\/marcuslamer.com\/en\/wp-json\/wp\/v2\/pages"}],"about":[{"href":"https:\/\/marcuslamer.com\/en\/wp-json\/wp\/v2\/types\/page"}],"author":[{"embeddable":true,"href":"https:\/\/marcuslamer.com\/en\/wp-json\/wp\/v2\/users\/1"}],"replies":[{"embeddable":true,"href":"https:\/\/marcuslamer.com\/en\/wp-json\/wp\/v2\/comments?post=302"}],"version-history":[{"count":10,"href":"https:\/\/marcuslamer.com\/en\/wp-json\/wp\/v2\/pages\/302\/revisions"}],"predecessor-version":[{"id":1866,"href":"https:\/\/marcuslamer.com\/en\/wp-json\/wp\/v2\/pages\/302\/revisions\/1866"}],"wp:attachment":[{"href":"https:\/\/marcuslamer.com\/en\/wp-json\/wp\/v2\/media?parent=302"}],"curies":[{"name":"wp","href":"https:\/\/api.w.org\/{rel}","templated":true}]}}